{"id":230,"date":"2024-03-17T15:59:19","date_gmt":"2024-03-17T18:59:19","guid":{"rendered":"https:\/\/www.pousofix.com.br\/?page_id=230"},"modified":"2026-02-12T10:20:17","modified_gmt":"2026-02-12T13:20:17","slug":"quem-somos","status":"publish","type":"page","link":"https:\/\/www.pousofix.com.br\/index.php\/quem-somos\/","title":{"rendered":"Quem somos"},"content":{"rendered":"<style>\/*! elementor - v3.20.0 - 26-03-2024 *\/\n.elementor-widget-image{text-align:center}.elementor-widget-image a{display:inline-block}.elementor-widget-image a img[src$=\".svg\"]{width:48px}.elementor-widget-image img{vertical-align:middle;display:inline-block}<\/style>\n<p>\t\t\t\t\t\t\t\t\t\t\t<a href=\"https:\/\/www.pousofix.com.br\/\"><br \/>\n\t\t\t\t\t\t\t<img fetchpriority=\"high\" decoding=\"async\" width=\"512\" height=\"512\" src=\"https:\/\/www.pousofix.com.br\/wp-content\/uploads\/2024\/03\/BOTAO-RETORNAR.png\" alt=\"\" srcset=\"https:\/\/www.pousofix.com.br\/wp-content\/uploads\/2024\/03\/BOTAO-RETORNAR.png 512w, https:\/\/www.pousofix.com.br\/wp-content\/uploads\/2024\/03\/BOTAO-RETORNAR-300x300.png 300w, https:\/\/www.pousofix.com.br\/wp-content\/uploads\/2024\/03\/BOTAO-RETORNAR-150x150.png 150w, https:\/\/www.pousofix.com.br\/wp-content\/uploads\/2024\/03\/BOTAO-RETORNAR-230x230.png 230w, https:\/\/www.pousofix.com.br\/wp-content\/uploads\/2024\/03\/BOTAO-RETORNAR-400x400.png 400w\" sizes=\"(max-width: 512px) 100vw, 512px\" \/>\t\t\t\t\t\t\t\t<\/a><\/p>\n<h5 style=\"line-height: 16.5pt;\">A Pousofix atua na \u00e1rea de fabrica\u00e7\u00e3o de argamassa polim\u00e9rica, texturas e complementos, desde 2012, na cidade Pouso Alegre &#8211; MG.<\/h5>\n<h5 style=\"line-height: 16.5pt;\"> Nossos produtos s\u00e3o fabricados com a mais avan\u00e7ada tecnologia de mat\u00e9rias-primas existentes no mercado.<\/h5>\n<h5 style=\"line-height: 16.5pt;\">\u00c9 nosso desafio oferecer aos clientes, solu\u00e7\u00f5es inovadoras e sob medida, proporcionando qualidade, seguran\u00e7a, economia e satisfa\u00e7\u00e3o.<\/h5>\n<h5 style=\"line-height: 16.5pt;\">Nossa metodologia de trabalho se difere em especial na preocupa\u00e7\u00e3o em oferecer respostas r\u00e1pidas ao cliente e que atenda suas expectativas.<\/h5>\n<p style=\"line-height: 16.5pt;\">&nbsp;<\/p>\n<h4 style=\"line-height: 16.5pt;\"><b>LINHA DE PRODUTOS<\/b><\/h4>\n<h5 style=\"line-height: 16.5pt;\">Desenvolvemos produtos com tecnologia de ponta e que contribuem para redu\u00e7\u00e3o de custos nas obras, al\u00e9m de apresentarem sua contribui\u00e7\u00e3o para preserva\u00e7\u00e3o do meio-ambiente. Estamos continuamente construindo com a consci\u00eancia na sustentabilidade de nosso planeta.<\/h5>\n<h5 style=\"line-height: 16.5pt;\">Impactamos positivamente nos projetos em alvenaria, contribu\u00edmos com a prepara\u00e7\u00e3o das paredes com nossa linha pr\u00e9-acabamento e participamos na fase do acabamento com nossas massas, texturatos e texturas.<\/h5>\n<h5 style=\"line-height: 16.5pt;\">Todo nosso time \u00e9 empenhado, treinado e consciente da necessidade de entregarmos solu\u00e7\u00f5es de excel\u00eancia \u00e0 nossos clientes.<\/h5>\n<p style=\"line-height: 16.5pt;\">&nbsp;<\/p>\n<h4 style=\"line-height: 16.5pt;\"><b>NOVOS DESAFIOS<\/b><\/h4>\n<h5 style=\"line-height: 16.5pt;\">Compreendemos nosso importante papel de contribui\u00e7\u00e3o com as pessoas, inclusive com a sociedade, gerando postos de trabalho \u00e0 centenas de pessoas que est\u00e3o diretamente ligadas aos nossos processos de fabrica\u00e7\u00e3o, administra\u00e7\u00e3o e distribui\u00e7\u00e3o de nossa linha de produtos.<\/h5>\n<h5 style=\"line-height: 16.5pt;\">Recentemente, iniciamos um projeto de expans\u00e3o da marca para o mercado de outras regi\u00f5es, em busca de crescimento e de forma a continuar cooperando com a manuten\u00e7\u00e3o e crescimento do n\u00famero de postos de trabalho em nossa unidade.<\/h5>\n<h5 style=\"margin: 0cm;\">&nbsp;<\/h5>\n<p>&nbsp;<\/p>\n","protected":false},"excerpt":{"rendered":"<p>A Pousofix atua na \u00e1rea de fabrica\u00e7\u00e3o de argamassa polim\u00e9rica, texturas e complementos, desde 2012, na cidade Pouso Alegre &#8211; MG. Nossos produtos s\u00e3o fabricados com a mais avan\u00e7ada tecnologia de mat\u00e9rias-primas existentes no mercado. \u00c9 nosso desafio oferecer aos clientes, solu\u00e7\u00f5es inovadoras e sob medida, proporcionando qualidade, seguran\u00e7a, economia e satisfa\u00e7\u00e3o. Nossa metodologia de [&hellip;]<\/p>\n","protected":false},"author":1,"featured_media":0,"parent":0,"menu_order":0,"comment_status":"closed","ping_status":"closed","template":"","meta":{"om_disable_all_campaigns":false,"_monsterinsights_skip_tracking":false,"_monsterinsights_sitenote_active":false,"_monsterinsights_sitenote_note":"","_monsterinsights_sitenote_category":0,"footnotes":""},"aioseo_notices":[],"_links":{"self":[{"href":"https:\/\/www.pousofix.com.br\/index.php\/wp-json\/wp\/v2\/pages\/230"}],"collection":[{"href":"https:\/\/www.pousofix.com.br\/index.php\/wp-json\/wp\/v2\/pages"}],"about":[{"href":"https:\/\/www.pousofix.com.br\/index.php\/wp-json\/wp\/v2\/types\/page"}],"author":[{"embeddable":true,"href":"https:\/\/www.pousofix.com.br\/index.php\/wp-json\/wp\/v2\/users\/1"}],"replies":[{"embeddable":true,"href":"https:\/\/www.pousofix.com.br\/index.php\/wp-json\/wp\/v2\/comments?post=230"}],"version-history":[{"count":32,"href":"https:\/\/www.pousofix.com.br\/index.php\/wp-json\/wp\/v2\/pages\/230\/revisions"}],"predecessor-version":[{"id":1082,"href":"https:\/\/www.pousofix.com.br\/index.php\/wp-json\/wp\/v2\/pages\/230\/revisions\/1082"}],"wp:attachment":[{"href":"https:\/\/www.pousofix.com.br\/index.php\/wp-json\/wp\/v2\/media?parent=230"}],"curies":[{"name":"wp","href":"https:\/\/api.w.org\/{rel}","templated":true}]}}