{"id":239,"date":"2024-03-17T16:35:43","date_gmt":"2024-03-17T19:35:43","guid":{"rendered":"https:\/\/www.pousofix.com.br\/?page_id=239"},"modified":"2024-03-23T18:34:48","modified_gmt":"2024-03-23T21:34:48","slug":"missao-visao-e-valores","status":"publish","type":"page","link":"https:\/\/www.pousofix.com.br\/index.php\/missao-visao-e-valores\/","title":{"rendered":"Miss\u00e3o,  Vis\u00e3o e Valores"},"content":{"rendered":"\t\t<div data-elementor-type=\"wp-page\" data-elementor-id=\"239\" class=\"elementor elementor-239\">\n\t\t\t\t<div class=\"elementor-element elementor-element-8108641 e-flex e-con-boxed e-con e-parent\" data-id=\"8108641\" data-element_type=\"container\">\n\t\t\t\t\t<div class=\"e-con-inner\">\n\t\t\t\t<div class=\"elementor-element elementor-element-890dc3e elementor-widget__width-initial elementor-widget-mobile__width-initial elementor-widget elementor-widget-image\" data-id=\"890dc3e\" data-element_type=\"widget\" data-widget_type=\"image.default\">\n\t\t\t\t<div class=\"elementor-widget-container\">\n\t\t\t<style>\/*! elementor - v3.21.0 - 26-05-2024 *\/\n.elementor-widget-image{text-align:center}.elementor-widget-image a{display:inline-block}.elementor-widget-image a img[src$=\".svg\"]{width:48px}.elementor-widget-image img{vertical-align:middle;display:inline-block}<\/style>\t\t\t\t\t\t\t\t\t\t\t<a href=\"https:\/\/www.pousofix.com.br\/\">\n\t\t\t\t\t\t\t<img fetchpriority=\"high\" decoding=\"async\" width=\"512\" height=\"512\" src=\"https:\/\/www.pousofix.com.br\/wp-content\/uploads\/2024\/03\/BOTAO-RETORNAR.png\" class=\"attachment-large size-large wp-image-264\" alt=\"\" srcset=\"https:\/\/www.pousofix.com.br\/wp-content\/uploads\/2024\/03\/BOTAO-RETORNAR.png 512w, https:\/\/www.pousofix.com.br\/wp-content\/uploads\/2024\/03\/BOTAO-RETORNAR-300x300.png 300w, https:\/\/www.pousofix.com.br\/wp-content\/uploads\/2024\/03\/BOTAO-RETORNAR-150x150.png 150w, https:\/\/www.pousofix.com.br\/wp-content\/uploads\/2024\/03\/BOTAO-RETORNAR-230x230.png 230w, https:\/\/www.pousofix.com.br\/wp-content\/uploads\/2024\/03\/BOTAO-RETORNAR-400x400.png 400w\" sizes=\"(max-width: 512px) 100vw, 512px\" \/>\t\t\t\t\t\t\t\t<\/a>\n\t\t\t\t\t\t\t\t\t\t\t\t\t<\/div>\n\t\t\t\t<\/div>\n\t\t\t\t<div class=\"elementor-element elementor-element-8aecd2d elementor-widget elementor-widget-text-editor\" data-id=\"8aecd2d\" data-element_type=\"widget\" data-widget_type=\"text-editor.default\">\n\t\t\t\t<div class=\"elementor-widget-container\">\n\t\t\t<style>\/*! elementor - v3.21.0 - 26-05-2024 *\/\n.elementor-widget-text-editor.elementor-drop-cap-view-stacked .elementor-drop-cap{background-color:#69727d;color:#fff}.elementor-widget-text-editor.elementor-drop-cap-view-framed .elementor-drop-cap{color:#69727d;border:3px solid;background-color:transparent}.elementor-widget-text-editor:not(.elementor-drop-cap-view-default) .elementor-drop-cap{margin-top:8px}.elementor-widget-text-editor:not(.elementor-drop-cap-view-default) .elementor-drop-cap-letter{width:1em;height:1em}.elementor-widget-text-editor .elementor-drop-cap{float:left;text-align:center;line-height:1;font-size:50px}.elementor-widget-text-editor .elementor-drop-cap-letter{display:inline-block}<\/style>\t\t\t\t<h4><strong>MISS\u00c3O<\/strong><\/h4><h5>Inserir no mercado da constru\u00e7\u00e3o civil massas e texturas inovadoras com diferencial na qualidade, atendimento e pre\u00e7o justo. Buscando novas tecnologias para alcan\u00e7ar a satisfa\u00e7\u00e3o dos nossos clientes e, consequentemente, ser refer\u00eancia em nossa regi\u00e3o.<\/h5><h4>\u00a0<\/h4><h4><strong>VIS\u00c3O<\/strong><\/h4><h5>Estruturar como empresa refer\u00eancia na constru\u00e7\u00e3o civil deixando como legado a qualidade, tecnologia e inova\u00e7\u00e3o dos nossos produtos.<\/h5><h4>\u00a0<\/h4><h4><strong>VALORES<\/strong><\/h4><h5>\u00c9tica e Transpar\u00eancia<\/h5><h5>Humildade, Respeito e Amizade<\/h5><h5>Qualidade, Tecnologia, Excel\u00eancia e Inova\u00e7\u00e3o<\/h5>\t\t\t\t\t\t<\/div>\n\t\t\t\t<\/div>\n\t\t\t\t\t<\/div>\n\t\t\t\t<\/div>\n\t\t\t\t<\/div>\n\t\t","protected":false},"excerpt":{"rendered":"<p>MISS\u00c3O Inserir no mercado da constru\u00e7\u00e3o civil massas e texturas inovadoras com diferencial na qualidade, atendimento e pre\u00e7o justo. Buscando novas tecnologias para alcan\u00e7ar a satisfa\u00e7\u00e3o dos nossos clientes e, consequentemente, ser refer\u00eancia em nossa regi\u00e3o. \u00a0 VIS\u00c3O Estruturar como empresa refer\u00eancia na constru\u00e7\u00e3o civil deixando como legado a qualidade, tecnologia e inova\u00e7\u00e3o dos nossos [&hellip;]<\/p>\n","protected":false},"author":1,"featured_media":0,"parent":0,"menu_order":0,"comment_status":"closed","ping_status":"closed","template":"","meta":{"om_disable_all_campaigns":false,"_monsterinsights_skip_tracking":false,"_monsterinsights_sitenote_active":false,"_monsterinsights_sitenote_note":"","_monsterinsights_sitenote_category":0,"footnotes":""},"aioseo_notices":[],"_links":{"self":[{"href":"https:\/\/www.pousofix.com.br\/index.php\/wp-json\/wp\/v2\/pages\/239"}],"collection":[{"href":"https:\/\/www.pousofix.com.br\/index.php\/wp-json\/wp\/v2\/pages"}],"about":[{"href":"https:\/\/www.pousofix.com.br\/index.php\/wp-json\/wp\/v2\/types\/page"}],"author":[{"embeddable":true,"href":"https:\/\/www.pousofix.com.br\/index.php\/wp-json\/wp\/v2\/users\/1"}],"replies":[{"embeddable":true,"href":"https:\/\/www.pousofix.com.br\/index.php\/wp-json\/wp\/v2\/comments?post=239"}],"version-history":[{"count":38,"href":"https:\/\/www.pousofix.com.br\/index.php\/wp-json\/wp\/v2\/pages\/239\/revisions"}],"predecessor-version":[{"id":630,"href":"https:\/\/www.pousofix.com.br\/index.php\/wp-json\/wp\/v2\/pages\/239\/revisions\/630"}],"wp:attachment":[{"href":"https:\/\/www.pousofix.com.br\/index.php\/wp-json\/wp\/v2\/media?parent=239"}],"curies":[{"name":"wp","href":"https:\/\/api.w.org\/{rel}","templated":true}]}}