{"id":612,"date":"2024-03-23T15:18:13","date_gmt":"2024-03-23T18:18:13","guid":{"rendered":"https:\/\/www.pousofix.com.br\/?page_id=612"},"modified":"2024-04-20T19:46:38","modified_gmt":"2024-04-20T22:46:38","slug":"nossa-localizacao","status":"publish","type":"page","link":"https:\/\/www.pousofix.com.br\/index.php\/nossa-localizacao\/","title":{"rendered":"Nossa localiza\u00e7\u00e3o"},"content":{"rendered":"\t\t<div data-elementor-type=\"wp-page\" data-elementor-id=\"612\" class=\"elementor elementor-612\">\n\t\t\t\t<div class=\"elementor-element elementor-element-4b549c7 e-flex e-con-boxed e-con e-parent\" data-id=\"4b549c7\" data-element_type=\"container\">\n\t\t\t\t\t<div class=\"e-con-inner\">\n\t\t\t\t<div class=\"elementor-element elementor-element-452f8c5 elementor-widget elementor-widget-text-editor\" data-id=\"452f8c5\" data-element_type=\"widget\" data-widget_type=\"text-editor.default\">\n\t\t\t\t<div class=\"elementor-widget-container\">\n\t\t\t<style>\/*! elementor - v3.21.0 - 26-05-2024 *\/\n.elementor-widget-text-editor.elementor-drop-cap-view-stacked .elementor-drop-cap{background-color:#69727d;color:#fff}.elementor-widget-text-editor.elementor-drop-cap-view-framed .elementor-drop-cap{color:#69727d;border:3px solid;background-color:transparent}.elementor-widget-text-editor:not(.elementor-drop-cap-view-default) .elementor-drop-cap{margin-top:8px}.elementor-widget-text-editor:not(.elementor-drop-cap-view-default) .elementor-drop-cap-letter{width:1em;height:1em}.elementor-widget-text-editor .elementor-drop-cap{float:left;text-align:center;line-height:1;font-size:50px}.elementor-widget-text-editor .elementor-drop-cap-letter{display:inline-block}<\/style>\t\t\t\t<h5>A Pousofix \u00e9 sediada em Pouso Alegre, munic\u00edpio brasileiro no estado de Minas Gerais, Sudeste do Brasil, com uma popula\u00e7\u00e3o de aproximadamente 152.000 pelo censo de 2022. A cidade \u00e9 um polo reginal voltada para \u00e1rea comercial e industrial.<\/h5><h5>Localizada \u00e0s margens da Rodovia Fern\u00e3o Dias, tem sua movimenta\u00e7\u00e3o log\u00edstica e transportes facilitados de seus produtos dado ao fato de ser servida pelo entroncamento de 5 rodovias: MG-179, MG-173, MG-290, BR-381 e BR-459.<\/h5>\t\t\t\t\t\t<\/div>\n\t\t\t\t<\/div>\n\t\t\t\t<div class=\"elementor-element elementor-element-f3e30af elementor-widget elementor-widget-google_maps\" data-id=\"f3e30af\" data-element_type=\"widget\" data-widget_type=\"google_maps.default\">\n\t\t\t\t<div class=\"elementor-widget-container\">\n\t\t\t<style>\/*! elementor - v3.21.0 - 26-05-2024 *\/\n.elementor-widget-google_maps .elementor-widget-container{overflow:hidden}.elementor-widget-google_maps .elementor-custom-embed{line-height:0}.elementor-widget-google_maps iframe{height:300px}<\/style>\t\t<div class=\"elementor-custom-embed\">\n\t\t\t<iframe loading=\"lazy\"\n\t\t\t\t\tsrc=\"https:\/\/maps.google.com\/maps?q=Rodovia%20Fern%C3%A3o%20Dias%2C%20BR-381%2C%20KM-849%20%2C%20Pouso%20Alegre%20-%20MG%2C%2037556-338&#038;t=m&#038;z=13&#038;output=embed&#038;iwloc=near\"\n\t\t\t\t\ttitle=\"Rodovia Fern\u00e3o Dias, BR-381, KM-849 , Pouso Alegre - MG, 37556-338\"\n\t\t\t\t\taria-label=\"Rodovia Fern\u00e3o Dias, BR-381, KM-849 , Pouso Alegre - MG, 37556-338\"\n\t\t\t><\/iframe>\n\t\t<\/div>\n\t\t\t\t<\/div>\n\t\t\t\t<\/div>\n\t\t\t\t\t<\/div>\n\t\t\t\t<\/div>\n\t\t\t\t<\/div>\n\t\t","protected":false},"excerpt":{"rendered":"<p>A Pousofix \u00e9 sediada em Pouso Alegre, munic\u00edpio brasileiro no estado de Minas Gerais, Sudeste do Brasil, com uma popula\u00e7\u00e3o de aproximadamente 152.000 pelo censo de 2022. A cidade \u00e9 um polo reginal voltada para \u00e1rea comercial e industrial. Localizada \u00e0s margens da Rodovia Fern\u00e3o Dias, tem sua movimenta\u00e7\u00e3o log\u00edstica e transportes facilitados de seus [&hellip;]<\/p>\n","protected":false},"author":1,"featured_media":0,"parent":0,"menu_order":0,"comment_status":"closed","ping_status":"closed","template":"","meta":{"om_disable_all_campaigns":false,"_monsterinsights_skip_tracking":false,"_monsterinsights_sitenote_active":false,"_monsterinsights_sitenote_note":"","_monsterinsights_sitenote_category":0,"footnotes":""},"aioseo_notices":[],"_links":{"self":[{"href":"https:\/\/www.pousofix.com.br\/index.php\/wp-json\/wp\/v2\/pages\/612"}],"collection":[{"href":"https:\/\/www.pousofix.com.br\/index.php\/wp-json\/wp\/v2\/pages"}],"about":[{"href":"https:\/\/www.pousofix.com.br\/index.php\/wp-json\/wp\/v2\/types\/page"}],"author":[{"embeddable":true,"href":"https:\/\/www.pousofix.com.br\/index.php\/wp-json\/wp\/v2\/users\/1"}],"replies":[{"embeddable":true,"href":"https:\/\/www.pousofix.com.br\/index.php\/wp-json\/wp\/v2\/comments?post=612"}],"version-history":[{"count":10,"href":"https:\/\/www.pousofix.com.br\/index.php\/wp-json\/wp\/v2\/pages\/612\/revisions"}],"predecessor-version":[{"id":626,"href":"https:\/\/www.pousofix.com.br\/index.php\/wp-json\/wp\/v2\/pages\/612\/revisions\/626"}],"wp:attachment":[{"href":"https:\/\/www.pousofix.com.br\/index.php\/wp-json\/wp\/v2\/media?parent=612"}],"curies":[{"name":"wp","href":"https:\/\/api.w.org\/{rel}","templated":true}]}}