{"id":635,"date":"2024-03-23T21:02:29","date_gmt":"2024-03-24T00:02:29","guid":{"rendered":"https:\/\/www.pousofix.com.br\/?page_id=635"},"modified":"2024-04-20T19:40:23","modified_gmt":"2024-04-20T22:40:23","slug":"argamassa-polimerica","status":"publish","type":"page","link":"https:\/\/www.pousofix.com.br\/index.php\/argamassa-polimerica\/","title":{"rendered":"Argamassa polim\u00e9rica"},"content":{"rendered":"\t\t<div data-elementor-type=\"wp-page\" data-elementor-id=\"635\" class=\"elementor elementor-635\">\n\t\t\t\t<div class=\"elementor-element elementor-element-76cf52d e-flex e-con-boxed e-con e-parent\" data-id=\"76cf52d\" data-element_type=\"container\">\n\t\t\t\t\t<div class=\"e-con-inner\">\n\t\t\t\t<div class=\"elementor-element elementor-element-48d7abc elementor-widget__width-initial elementor-widget elementor-widget-text-editor\" data-id=\"48d7abc\" data-element_type=\"widget\" data-widget_type=\"text-editor.default\">\n\t\t\t\t<div class=\"elementor-widget-container\">\n\t\t\t<style>\/*! elementor - v3.21.0 - 26-05-2024 *\/\n.elementor-widget-text-editor.elementor-drop-cap-view-stacked .elementor-drop-cap{background-color:#69727d;color:#fff}.elementor-widget-text-editor.elementor-drop-cap-view-framed .elementor-drop-cap{color:#69727d;border:3px solid;background-color:transparent}.elementor-widget-text-editor:not(.elementor-drop-cap-view-default) .elementor-drop-cap{margin-top:8px}.elementor-widget-text-editor:not(.elementor-drop-cap-view-default) .elementor-drop-cap-letter{width:1em;height:1em}.elementor-widget-text-editor .elementor-drop-cap{float:left;text-align:center;line-height:1;font-size:50px}.elementor-widget-text-editor .elementor-drop-cap-letter{display:inline-block}<\/style>\t\t\t\t<h5>\u00c9 um produto colante industrializado, especialmente desenvolvido para o assentamento de blocos e tijolos, derivado da mistura de aditivos especiais com agregados minerais.<\/h5><div><div><div>\u00a0<\/div><\/div><\/div>\t\t\t\t\t\t<\/div>\n\t\t\t\t<\/div>\n\t\t\t\t\t<\/div>\n\t\t\t\t<\/div>\n\t\t<div class=\"elementor-element elementor-element-b042fb7 e-con-full e-flex e-con e-parent\" data-id=\"b042fb7\" data-element_type=\"container\">\n\t\t<div class=\"elementor-element elementor-element-6e5dc29 e-con-full e-flex e-con e-child\" data-id=\"6e5dc29\" data-element_type=\"container\">\n\t\t\t\t<div class=\"elementor-element elementor-element-a882ea3 elementor-widget__width-initial elementor-widget elementor-widget-text-editor\" data-id=\"a882ea3\" data-element_type=\"widget\" data-widget_type=\"text-editor.default\">\n\t\t\t\t<div class=\"elementor-widget-container\">\n\t\t\t\t\t\t\t<h4>Capacidade Elastom\u00e9rica<\/h4><h5>Por ser produzida \u00e0 base de pol\u00edmeros, ela tem a capacidade de ser flex\u00edvel, diferentemente da argamassa tradicional que \u00e9 r\u00edgida e pode se adaptar ao trabalho (dilata\u00e7\u00e3o) de tra\u00e7\u00e3o e retra\u00e7\u00e3o da estrutura, sem que seja gerado risco de fissura na parede.<\/h5>\t\t\t\t\t\t<\/div>\n\t\t\t\t<\/div>\n\t\t\t\t<\/div>\n\t\t<div class=\"elementor-element elementor-element-5875030 e-con-full e-flex e-con e-child\" data-id=\"5875030\" data-element_type=\"container\">\n\t\t\t\t<div class=\"elementor-element elementor-element-e56c9b4 elementor-widget__width-initial elementor-widget elementor-widget-image\" data-id=\"e56c9b4\" data-element_type=\"widget\" data-widget_type=\"image.default\">\n\t\t\t\t<div class=\"elementor-widget-container\">\n\t\t\t<style>\/*! elementor - v3.21.0 - 26-05-2024 *\/\n.elementor-widget-image{text-align:center}.elementor-widget-image a{display:inline-block}.elementor-widget-image a img[src$=\".svg\"]{width:48px}.elementor-widget-image img{vertical-align:middle;display:inline-block}<\/style>\t\t\t\t\t\t\t\t\t\t<img fetchpriority=\"high\" decoding=\"async\" width=\"375\" height=\"666\" src=\"https:\/\/www.pousofix.com.br\/wp-content\/uploads\/2024\/03\/8a-polimerica2.png\" class=\"attachment-large size-large wp-image-438\" alt=\"\" srcset=\"https:\/\/www.pousofix.com.br\/wp-content\/uploads\/2024\/03\/8a-polimerica2.png 375w, https:\/\/www.pousofix.com.br\/wp-content\/uploads\/2024\/03\/8a-polimerica2-169x300.png 169w\" sizes=\"(max-width: 375px) 100vw, 375px\" \/>\t\t\t\t\t\t\t\t\t\t\t\t\t<\/div>\n\t\t\t\t<\/div>\n\t\t\t\t<\/div>\n\t\t<div class=\"elementor-element elementor-element-b87ecd1 e-con-full e-flex e-con e-child\" data-id=\"b87ecd1\" data-element_type=\"container\">\n\t\t\t\t<div class=\"elementor-element elementor-element-1271bd7 elementor-widget elementor-widget-text-editor\" data-id=\"1271bd7\" data-element_type=\"widget\" data-widget_type=\"text-editor.default\">\n\t\t\t\t<div class=\"elementor-widget-container\">\n\t\t\t\t\t\t\t<h4>Otimiza\u00e7\u00e3o de recursos<\/h4><div><h5>N\u00e3o gera desperd\u00edcios de materiais, n\u00e3o depende de energia el\u00e9trica para preparo, contribui para redu\u00e7\u00e3o do peso estrutural do projeto, contribui para o aumento da velocidade de assentamento dos blocos.<\/h5><h5>Com o uso desta solu\u00e7\u00e3o, em m\u00e9dia, \u00e9 poss\u00edvel ter redu\u00e7\u00e3o de at\u00e9 75% no custo final de assentamento.<\/h5><\/div>\t\t\t\t\t\t<\/div>\n\t\t\t\t<\/div>\n\t\t\t\t<\/div>\n\t\t\t\t<\/div>\n\t\t<div class=\"elementor-element elementor-element-fc48bce e-flex e-con-boxed e-con e-parent\" data-id=\"fc48bce\" data-element_type=\"container\">\n\t\t\t\t\t<div class=\"e-con-inner\">\n\t\t\t\t<div class=\"elementor-element elementor-element-431fd13 elementor-widget elementor-widget-text-editor\" data-id=\"431fd13\" data-element_type=\"widget\" data-widget_type=\"text-editor.default\">\n\t\t\t\t<div class=\"elementor-widget-container\">\n\t\t\t\t\t\t\t<h5>\u00a0<\/h5><h4>Resist\u00eancia e garantia<\/h4><h5>A argamassa Polim\u00e9rica Pousofix garante fixa\u00e7\u00e3o superior ao m\u00e9todo tradicional de constru\u00e7\u00e3o e est\u00e1 de acordo com a principal norma regulamentadora para o desempenho de alvenarias: a NBR15.575.<\/h5><h5>Paredes constru\u00eddas e submetidas a testes baseadas nesta norma atendeu todos os requisitos de desempenho exigido na norma. Passou por rigorosos ensaios no instituto Falc\u00e3o Bauer, onde foram realizados testes de resist\u00eancia a tra\u00e7\u00e3o na flex\u00e3o, impacto de corpo mole, impacto de corpo duro, estanqueidade, resist\u00eancia a compress\u00e3o dentre outros comprovando a superior qualidade de nosso produto.<\/h5><h5 class=\"cvGsUA direction-ltr align-justify para-style-body\"><span class=\"OYPEnA text-decoration-none text-strikethrough-none\">Al\u00e9m dos Laudos T\u00e9cnicos, com testes realizados nas institui\u00e7\u00f5es, a Pousofix oferece garantia de seus produtos, formalizada atrav\u00e9s de contrato de venda.<\/span><\/h5>\t\t\t\t\t\t<\/div>\n\t\t\t\t<\/div>\n\t\t\t\t\t<\/div>\n\t\t\t\t<\/div>\n\t\t<div class=\"elementor-element elementor-element-dcfce1d e-flex e-con-boxed e-con e-parent\" data-id=\"dcfce1d\" data-element_type=\"container\">\n\t\t\t\t\t<div class=\"e-con-inner\">\n\t\t<div class=\"elementor-element elementor-element-ec5f233 e-con-full e-flex e-con e-child\" data-id=\"ec5f233\" data-element_type=\"container\">\n\t\t\t\t<div class=\"elementor-element elementor-element-1a570d4 elementor-widget__width-initial elementor-widget elementor-widget-image\" data-id=\"1a570d4\" data-element_type=\"widget\" data-widget_type=\"image.default\">\n\t\t\t\t<div class=\"elementor-widget-container\">\n\t\t\t\t\t\t\t\t\t\t\t\t\t<img decoding=\"async\" width=\"389\" height=\"376\" src=\"https:\/\/www.pousofix.com.br\/wp-content\/uploads\/2024\/03\/polimerica19.png\" class=\"attachment-large size-large wp-image-719\" alt=\"\" srcset=\"https:\/\/www.pousofix.com.br\/wp-content\/uploads\/2024\/03\/polimerica19.png 389w, https:\/\/www.pousofix.com.br\/wp-content\/uploads\/2024\/03\/polimerica19-300x290.png 300w\" sizes=\"(max-width: 389px) 100vw, 389px\" \/>\t\t\t\t\t\t\t\t\t\t\t\t\t<\/div>\n\t\t\t\t<\/div>\n\t\t\t\t<\/div>\n\t\t<div class=\"elementor-element elementor-element-849a5f6 e-con-full e-flex e-con e-child\" data-id=\"849a5f6\" data-element_type=\"container\">\n\t\t\t\t<div class=\"elementor-element elementor-element-921ad02 elementor-widget elementor-widget-image\" data-id=\"921ad02\" data-element_type=\"widget\" data-widget_type=\"image.default\">\n\t\t\t\t<div class=\"elementor-widget-container\">\n\t\t\t\t\t\t\t\t\t\t\t\t\t<img decoding=\"async\" width=\"547\" height=\"540\" src=\"https:\/\/www.pousofix.com.br\/wp-content\/uploads\/2024\/03\/polimerica16.png\" class=\"attachment-large size-large wp-image-716\" alt=\"\" srcset=\"https:\/\/www.pousofix.com.br\/wp-content\/uploads\/2024\/03\/polimerica16.png 547w, https:\/\/www.pousofix.com.br\/wp-content\/uploads\/2024\/03\/polimerica16-300x296.png 300w\" sizes=\"(max-width: 547px) 100vw, 547px\" \/>\t\t\t\t\t\t\t\t\t\t\t\t\t<\/div>\n\t\t\t\t<\/div>\n\t\t\t\t<\/div>\n\t\t\t\t\t<\/div>\n\t\t\t\t<\/div>\n\t\t<div class=\"elementor-element elementor-element-144674f e-flex e-con-boxed e-con e-parent\" data-id=\"144674f\" data-element_type=\"container\">\n\t\t\t\t\t<div class=\"e-con-inner\">\n\t\t\t\t<div class=\"elementor-element elementor-element-ba0d282 elementor-widget elementor-widget-text-editor\" data-id=\"ba0d282\" data-element_type=\"widget\" data-widget_type=\"text-editor.default\">\n\t\t\t\t<div class=\"elementor-widget-container\">\n\t\t\t\t\t\t\t<h5>\u00a0<\/h5><h5>Nestes testes foram utilizados blocos de concreto de 5,5mpa`s,\u00a0 utilizados na constru\u00e7\u00e3o de edif\u00edcios de at\u00e9 5 andares e nosso produto apresentou um resultado superior \u00e0 capacidade destes blocos, ou seja, rompe-se o bloco, mas n\u00e3o a junta ou emenda onde foi colado o bloco. Portanto, a Massa Pousofix apresenta capacidade de resist\u00eancia superior aos blocos de 5mpa\u2019s, sendo tamb\u00e9m indicadas para obras em blocos estruturais de at\u00e9 5 andares.<\/h5><h5>Seu uso \u00e9 fortemente indicado para alvenarias de veda\u00e7\u00e3o onde a resist\u00eancia a mpa\u2019s das paredes tende a ser menor.<\/h5><p>\u00a0<\/p><h4>Benef\u00edcios do uso deste produto<\/h4><h5 class=\"cvGsUA direction-ltr align-start para-style-body\"><span class=\"OYPEnA text-decoration-none text-strikethrough-none\">\u2022 Produto pronto para uso<\/span><\/h5><h5 class=\"cvGsUA direction-ltr align-start para-style-body\"><span class=\"OYPEnA text-decoration-none text-strikethrough-none\">\u2022 Embalagem na forma de bisnaga, facilitando a aplica\u00e7\u00e3o<\/span><\/h5><h5 class=\"cvGsUA direction-ltr align-start para-style-body\"><span class=\"OYPEnA text-decoration-none text-strikethrough-none\">\u2022 Ganho de produtividade de m\u00e3o de obra<\/span><\/h5><h5 class=\"cvGsUA direction-ltr align-start para-style-body\"><span class=\"OYPEnA text-decoration-none text-strikethrough-none\">\u2022 Reduz o tr\u00e2nsito de materias para preparar argamassa por pessoal auxiliar<\/span><\/h5><h5 class=\"cvGsUA direction-ltr align-start para-style-body\"><span class=\"OYPEnA text-decoration-none text-strikethrough-none\">\u2022 Resist\u00eancia 4 vezes superior<\/span> <span class=\"OYPEnA text-decoration-none text-strikethrough-none\">\u00e0 massa convencional<\/span><\/h5><h5 class=\"cvGsUA direction-ltr align-start para-style-body\"><span class=\"OYPEnA text-decoration-none text-strikethrough-none\">\u2022 <\/span><span class=\"OYPEnA text-decoration-none text-strikethrough-none\">Elimina em at\u00e9 75% o peso dos materiais no assentamento<\/span><\/h5><h5 class=\"cvGsUA direction-ltr align-start para-style-body\"><span class=\"OYPEnA text-decoration-none text-strikethrough-none\">\u2022 Diminui o entulho e mant\u00e9m a obra limpa<\/span><\/h5><h5 class=\"cvGsUA direction-ltr align-start para-style-body\"><span class=\"OYPEnA text-decoration-none text-strikethrough-none\">\u2022 Zero desperd\u00edcio da argamassa durante uso<\/span><\/h5><h5 class=\"cvGsUA direction-ltr align-start para-style-body\"><span class=\"OYPEnA text-decoration-none text-strikethrough-none\">\u2022 Economia de at\u00e9 75% no custo final do assentamento<\/span><\/h5><h5 class=\"cvGsUA direction-ltr align-start para-style-body\"><span class=\"OYPEnA text-decoration-none text-strikethrough-none\">\u2022 Redu\u00e7\u00e3o do uso de \u00e1gua\u00a0<\/span><\/h5><h5 class=\"cvGsUA direction-ltr align-start para-style-body\"><span class=\"OYPEnA text-decoration-none text-strikethrough-none\">\u2022 Redu\u00e7\u00e3o do uso de energia el\u00e9trica<\/span><\/h5><h5 class=\"cvGsUA direction-ltr align-start para-style-body\">\u00a0<\/h5><h4>F\u00e1cil manuseio e aplica\u00e7\u00e3o<\/h4><h5>Aplicar 2 filetes de 1cm de di\u00e2metro cada, em uma longa extens\u00e3o da parede em constru\u00e7\u00e3o.<\/h5><h5>Em seguida, colocar o bloco ou tijolo na fiada em constru\u00e7\u00e3o, seguindo normalmente o alinhamento com aux\u00edlio da linha de nylon. A secagem ao toque ocorre aproximadamente em 15 minutos ou um pouco mais em dias de alto \u00edndice de umidade no ar. Tempo de cura total entre 24h e 72h.<\/h5>\t\t\t\t\t\t<\/div>\n\t\t\t\t<\/div>\n\t\t\t\t\t<\/div>\n\t\t\t\t<\/div>\n\t\t<div class=\"elementor-element elementor-element-d532bfb e-flex e-con-boxed e-con e-parent\" data-id=\"d532bfb\" data-element_type=\"container\">\n\t\t\t\t\t<div class=\"e-con-inner\">\n\t\t<div class=\"elementor-element elementor-element-ef2c0b4 e-con-full e-flex e-con e-child\" data-id=\"ef2c0b4\" data-element_type=\"container\">\n\t\t\t\t<div class=\"elementor-element elementor-element-2c9a545 elementor-widget__width-initial elementor-widget elementor-widget-image\" data-id=\"2c9a545\" data-element_type=\"widget\" data-widget_type=\"image.default\">\n\t\t\t\t<div class=\"elementor-widget-container\">\n\t\t\t\t\t\t\t\t\t\t\t\t\t<img loading=\"lazy\" decoding=\"async\" width=\"332\" height=\"379\" src=\"https:\/\/www.pousofix.com.br\/wp-content\/uploads\/2024\/03\/polimerica20-1.png\" class=\"attachment-large size-large wp-image-753\" alt=\"\" srcset=\"https:\/\/www.pousofix.com.br\/wp-content\/uploads\/2024\/03\/polimerica20-1.png 332w, https:\/\/www.pousofix.com.br\/wp-content\/uploads\/2024\/03\/polimerica20-1-263x300.png 263w\" sizes=\"(max-width: 332px) 100vw, 332px\" \/>\t\t\t\t\t\t\t\t\t\t\t\t\t<\/div>\n\t\t\t\t<\/div>\n\t\t\t\t<\/div>\n\t\t<div class=\"elementor-element elementor-element-3ca0800 e-con-full e-flex e-con e-child\" data-id=\"3ca0800\" data-element_type=\"container\">\n\t\t\t\t<div class=\"elementor-element elementor-element-01f9e3a elementor-widget__width-initial elementor-widget elementor-widget-image\" data-id=\"01f9e3a\" data-element_type=\"widget\" data-widget_type=\"image.default\">\n\t\t\t\t<div class=\"elementor-widget-container\">\n\t\t\t\t\t\t\t\t\t\t\t\t\t<img loading=\"lazy\" decoding=\"async\" width=\"448\" height=\"443\" src=\"https:\/\/www.pousofix.com.br\/wp-content\/uploads\/2024\/03\/polimerica18a.png\" class=\"attachment-large size-large wp-image-751\" alt=\"\" srcset=\"https:\/\/www.pousofix.com.br\/wp-content\/uploads\/2024\/03\/polimerica18a.png 448w, https:\/\/www.pousofix.com.br\/wp-content\/uploads\/2024\/03\/polimerica18a-300x297.png 300w\" sizes=\"(max-width: 448px) 100vw, 448px\" \/>\t\t\t\t\t\t\t\t\t\t\t\t\t<\/div>\n\t\t\t\t<\/div>\n\t\t\t\t<\/div>\n\t\t\t\t\t<\/div>\n\t\t\t\t<\/div>\n\t\t<div class=\"elementor-element elementor-element-86bd2f6 e-flex e-con-boxed e-con e-parent\" data-id=\"86bd2f6\" data-element_type=\"container\">\n\t\t\t\t\t<div class=\"e-con-inner\">\n\t\t\t\t<div class=\"elementor-element elementor-element-ed00a8c elementor-widget elementor-widget-video\" data-id=\"ed00a8c\" data-element_type=\"widget\" data-settings=\"{&quot;video_type&quot;:&quot;hosted&quot;,&quot;controls&quot;:&quot;yes&quot;}\" data-widget_type=\"video.default\">\n\t\t\t\t<div class=\"elementor-widget-container\">\n\t\t\t<style>\/*! elementor - v3.21.0 - 26-05-2024 *\/\n.elementor-widget-video .elementor-widget-container{overflow:hidden;transform:translateZ(0)}.elementor-widget-video .elementor-wrapper{aspect-ratio:var(--video-aspect-ratio)}.elementor-widget-video .elementor-wrapper iframe,.elementor-widget-video .elementor-wrapper video{height:100%;width:100%;display:flex;border:none;background-color:#000}@supports not (aspect-ratio:1\/1){.elementor-widget-video .elementor-wrapper{position:relative;overflow:hidden;height:0;padding-bottom:calc(100% \/ var(--video-aspect-ratio))}.elementor-widget-video .elementor-wrapper iframe,.elementor-widget-video .elementor-wrapper video{position:absolute;top:0;right:0;bottom:0;left:0}}.elementor-widget-video .elementor-open-inline .elementor-custom-embed-image-overlay{position:absolute;top:0;right:0;bottom:0;left:0;background-size:cover;background-position:50%}.elementor-widget-video .elementor-custom-embed-image-overlay{cursor:pointer;text-align:center}.elementor-widget-video .elementor-custom-embed-image-overlay:hover .elementor-custom-embed-play i{opacity:1}.elementor-widget-video .elementor-custom-embed-image-overlay img{display:block;width:100%;aspect-ratio:var(--video-aspect-ratio);-o-object-fit:cover;object-fit:cover;-o-object-position:center center;object-position:center center}@supports not (aspect-ratio:1\/1){.elementor-widget-video .elementor-custom-embed-image-overlay{position:relative;overflow:hidden;height:0;padding-bottom:calc(100% \/ var(--video-aspect-ratio))}.elementor-widget-video .elementor-custom-embed-image-overlay img{position:absolute;top:0;right:0;bottom:0;left:0}}.elementor-widget-video .e-hosted-video .elementor-video{-o-object-fit:cover;object-fit:cover}.e-con-inner>.elementor-widget-video,.e-con>.elementor-widget-video{width:var(--container-widget-width);--flex-grow:var(--container-widget-flex-grow)}<\/style>\t\t<div class=\"e-hosted-video elementor-wrapper elementor-open-inline\">\n\t\t\t\t\t<video class=\"elementor-video\" src=\"https:\/\/www.pousofix.com.br\/wp-content\/uploads\/2024\/03\/Pousofix-Argamassa-polimerica-_vd-1.mp4\" controls=\"\" preload=\"metadata\" controlsList=\"nodownload\"><\/video>\n\t\t\t\t<\/div>\n\t\t\t\t<\/div>\n\t\t\t\t<\/div>\n\t\t\t\t\t<\/div>\n\t\t\t\t<\/div>\n\t\t<div class=\"elementor-element elementor-element-1f2b7bb e-flex e-con-boxed e-con e-parent\" data-id=\"1f2b7bb\" data-element_type=\"container\">\n\t\t\t\t\t<div class=\"e-con-inner\">\n\t\t\t\t<div class=\"elementor-element elementor-element-b4bdcb1 elementor-widget elementor-widget-text-editor\" data-id=\"b4bdcb1\" data-element_type=\"widget\" data-widget_type=\"text-editor.default\">\n\t\t\t\t<div class=\"elementor-widget-container\">\n\t\t\t\t\t\t\t<h6>\u00a0<\/h6><h4>Disponibilidade imediata\u00a0<\/h4><h5>Mantemos um n\u00edvel de estoque para manuten\u00e7\u00e3o de fornecimento \u00e0 nossa base de clientes e para fornecimento aos novos clientes que mensalmente integram nossa carteira atrav\u00e9s de nosso plano estrat\u00e9gico de cresimento. Ainda que tudo esteja planejado, se houver necessidade temos a capacidade de rapidamente reagir aos acr\u00e9scimos de demanda atrav\u00e9s de nosso rigoroso controle de sequenciamento e plano de produ\u00e7\u00e3o.<\/h5><h5>Prezando pelo nosso valor &#8216;Respeito&#8217;, entendemos que temos de prover o cont\u00ednuo fornecimento sem que comprometa os neg\u00f3cios de nossos clientes, garantindo que todos acordos comerciais sejam devidamente respeitados.\u00a0\u00a0<\/h5><h5>Esparamos por seu contato para esclarecimento de d\u00favidas t\u00e9cnicas e condi\u00e7\u00f5es comerciais de fornecimento.<\/h5><h5>\u00a0<\/h5>\t\t\t\t\t\t<\/div>\n\t\t\t\t<\/div>\n\t\t\t\t<div class=\"elementor-element elementor-element-df4827d elementor-widget elementor-widget-heading\" data-id=\"df4827d\" data-element_type=\"widget\" data-widget_type=\"heading.default\">\n\t\t\t\t<div class=\"elementor-widget-container\">\n\t\t\t<style>\/*! elementor - v3.21.0 - 26-05-2024 *\/\n.elementor-heading-title{padding:0;margin:0;line-height:1}.elementor-widget-heading .elementor-heading-title[class*=elementor-size-]>a{color:inherit;font-size:inherit;line-height:inherit}.elementor-widget-heading .elementor-heading-title.elementor-size-small{font-size:15px}.elementor-widget-heading .elementor-heading-title.elementor-size-medium{font-size:19px}.elementor-widget-heading .elementor-heading-title.elementor-size-large{font-size:29px}.elementor-widget-heading .elementor-heading-title.elementor-size-xl{font-size:39px}.elementor-widget-heading .elementor-heading-title.elementor-size-xxl{font-size:59px}<\/style><h2 class=\"elementor-heading-title elementor-size-default\"><a href=\"https:\/\/www.pousofix.com.br\/index.php\/fale-conosco\/\">Clique aqui para acionar nosso time de atendimento agora mesmo!<br><br><br><\/a><\/h2>\t\t<\/div>\n\t\t\t\t<\/div>\n\t\t\t\t\t<\/div>\n\t\t\t\t<\/div>\n\t\t\t\t<\/div>\n\t\t","protected":false},"excerpt":{"rendered":"<p>\u00c9 um produto colante industrializado, especialmente desenvolvido para o assentamento de blocos e tijolos, derivado da mistura de aditivos especiais com agregados minerais. \u00a0 Capacidade Elastom\u00e9rica Por ser produzida \u00e0 base de pol\u00edmeros, ela tem a capacidade de ser flex\u00edvel, diferentemente da argamassa tradicional que \u00e9 r\u00edgida e pode se adaptar ao trabalho (dilata\u00e7\u00e3o) de [&hellip;]<\/p>\n","protected":false},"author":1,"featured_media":0,"parent":0,"menu_order":0,"comment_status":"closed","ping_status":"closed","template":"","meta":{"om_disable_all_campaigns":false,"_monsterinsights_skip_tracking":false,"_monsterinsights_sitenote_active":false,"_monsterinsights_sitenote_note":"","_monsterinsights_sitenote_category":0,"footnotes":""},"aioseo_notices":[],"_links":{"self":[{"href":"https:\/\/www.pousofix.com.br\/index.php\/wp-json\/wp\/v2\/pages\/635"}],"collection":[{"href":"https:\/\/www.pousofix.com.br\/index.php\/wp-json\/wp\/v2\/pages"}],"about":[{"href":"https:\/\/www.pousofix.com.br\/index.php\/wp-json\/wp\/v2\/types\/page"}],"author":[{"embeddable":true,"href":"https:\/\/www.pousofix.com.br\/index.php\/wp-json\/wp\/v2\/users\/1"}],"replies":[{"embeddable":true,"href":"https:\/\/www.pousofix.com.br\/index.php\/wp-json\/wp\/v2\/comments?post=635"}],"version-history":[{"count":70,"href":"https:\/\/www.pousofix.com.br\/index.php\/wp-json\/wp\/v2\/pages\/635\/revisions"}],"predecessor-version":[{"id":927,"href":"https:\/\/www.pousofix.com.br\/index.php\/wp-json\/wp\/v2\/pages\/635\/revisions\/927"}],"wp:attachment":[{"href":"https:\/\/www.pousofix.com.br\/index.php\/wp-json\/wp\/v2\/media?parent=635"}],"curies":[{"name":"wp","href":"https:\/\/api.w.org\/{rel}","templated":true}]}}