{"id":649,"date":"2024-03-23T21:42:09","date_gmt":"2024-03-24T00:42:09","guid":{"rendered":"https:\/\/www.pousofix.com.br\/?page_id=649"},"modified":"2024-04-20T18:38:06","modified_gmt":"2024-04-20T21:38:06","slug":"acabamento-de-paredes","status":"publish","type":"page","link":"https:\/\/www.pousofix.com.br\/index.php\/acabamento-de-paredes\/","title":{"rendered":"Acabamento de paredes"},"content":{"rendered":"\t\t<div data-elementor-type=\"wp-page\" data-elementor-id=\"649\" class=\"elementor elementor-649\">\n\t\t\t\t<div class=\"elementor-element elementor-element-f661283 e-flex e-con-boxed e-con e-parent\" data-id=\"f661283\" data-element_type=\"container\">\n\t\t\t\t\t<div class=\"e-con-inner\">\n\t\t\t\t<div class=\"elementor-element elementor-element-e40fe00 elementor-widget elementor-widget-heading\" data-id=\"e40fe00\" data-element_type=\"widget\" data-widget_type=\"heading.default\">\n\t\t\t\t<div class=\"elementor-widget-container\">\n\t\t\t<style>\/*! elementor - v3.21.0 - 26-05-2024 *\/\n.elementor-heading-title{padding:0;margin:0;line-height:1}.elementor-widget-heading .elementor-heading-title[class*=elementor-size-]>a{color:inherit;font-size:inherit;line-height:inherit}.elementor-widget-heading .elementor-heading-title.elementor-size-small{font-size:15px}.elementor-widget-heading .elementor-heading-title.elementor-size-medium{font-size:19px}.elementor-widget-heading .elementor-heading-title.elementor-size-large{font-size:29px}.elementor-widget-heading .elementor-heading-title.elementor-size-xl{font-size:39px}.elementor-widget-heading .elementor-heading-title.elementor-size-xxl{font-size:59px}<\/style><h1 class=\"elementor-heading-title elementor-size-default\">Ap\u00f3s muita pesquisa e ensaios, nossa linha de texturas foi desenvolvida com uma tecnologia que trouxe como resultado, produtos com maior capacidade elastom\u00e9rica quando comparada \u00e0s atuais linhas presentes no mercado, al\u00e9m de alta capacidade de hidro-repel\u00eancia.<br><br><\/h1>\t\t<\/div>\n\t\t\t\t<\/div>\n\t\t\t\t<div class=\"elementor-element elementor-element-18d9c51 elementor-widget elementor-widget-heading\" data-id=\"18d9c51\" data-element_type=\"widget\" data-widget_type=\"heading.default\">\n\t\t\t\t<div class=\"elementor-widget-container\">\n\t\t\t<h2 class=\"elementor-heading-title elementor-size-default\">POTE 1L<\/h2>\t\t<\/div>\n\t\t\t\t<\/div>\n\t\t\t\t\t<\/div>\n\t\t\t\t<\/div>\n\t\t<div class=\"elementor-element elementor-element-d4e3060 e-flex e-con-boxed e-con e-parent\" data-id=\"d4e3060\" data-element_type=\"container\">\n\t\t\t\t\t<div class=\"e-con-inner\">\n\t\t<div class=\"elementor-element elementor-element-b8db435 e-con-full e-flex e-con e-child\" data-id=\"b8db435\" data-element_type=\"container\">\n\t\t\t\t<div class=\"elementor-element elementor-element-bac2837 elementor-widget elementor-widget-image\" data-id=\"bac2837\" data-element_type=\"widget\" data-widget_type=\"image.default\">\n\t\t\t\t<div class=\"elementor-widget-container\">\n\t\t\t<style>\/*! elementor - v3.21.0 - 26-05-2024 *\/\n.elementor-widget-image{text-align:center}.elementor-widget-image a{display:inline-block}.elementor-widget-image a img[src$=\".svg\"]{width:48px}.elementor-widget-image img{vertical-align:middle;display:inline-block}<\/style>\t\t\t\t\t\t\t\t\t\t<img fetchpriority=\"high\" decoding=\"async\" width=\"472\" height=\"472\" src=\"https:\/\/www.pousofix.com.br\/wp-content\/uploads\/2024\/04\/TEXTURAS-E-COMPLEMENTOS-POTE-1L.png\" class=\"attachment-large size-large wp-image-852\" alt=\"textura_pousofix\" srcset=\"https:\/\/www.pousofix.com.br\/wp-content\/uploads\/2024\/04\/TEXTURAS-E-COMPLEMENTOS-POTE-1L.png 472w, https:\/\/www.pousofix.com.br\/wp-content\/uploads\/2024\/04\/TEXTURAS-E-COMPLEMENTOS-POTE-1L-300x300.png 300w, https:\/\/www.pousofix.com.br\/wp-content\/uploads\/2024\/04\/TEXTURAS-E-COMPLEMENTOS-POTE-1L-150x150.png 150w, https:\/\/www.pousofix.com.br\/wp-content\/uploads\/2024\/04\/TEXTURAS-E-COMPLEMENTOS-POTE-1L-230x230.png 230w, https:\/\/www.pousofix.com.br\/wp-content\/uploads\/2024\/04\/TEXTURAS-E-COMPLEMENTOS-POTE-1L-400x400.png 400w\" sizes=\"(max-width: 472px) 100vw, 472px\" \/>\t\t\t\t\t\t\t\t\t\t\t\t\t<\/div>\n\t\t\t\t<\/div>\n\t\t\t\t<\/div>\n\t\t<div class=\"elementor-element elementor-element-44bcaa5 e-con-full e-flex e-con e-child\" data-id=\"44bcaa5\" data-element_type=\"container\">\n\t\t\t\t<div class=\"elementor-element elementor-element-bdc1890 elementor-widget elementor-widget-text-editor\" data-id=\"bdc1890\" data-element_type=\"widget\" data-widget_type=\"text-editor.default\">\n\t\t\t\t<div class=\"elementor-widget-container\">\n\t\t\t<style>\/*! elementor - v3.21.0 - 26-05-2024 *\/\n.elementor-widget-text-editor.elementor-drop-cap-view-stacked .elementor-drop-cap{background-color:#69727d;color:#fff}.elementor-widget-text-editor.elementor-drop-cap-view-framed .elementor-drop-cap{color:#69727d;border:3px solid;background-color:transparent}.elementor-widget-text-editor:not(.elementor-drop-cap-view-default) .elementor-drop-cap{margin-top:8px}.elementor-widget-text-editor:not(.elementor-drop-cap-view-default) .elementor-drop-cap-letter{width:1em;height:1em}.elementor-widget-text-editor .elementor-drop-cap{float:left;text-align:center;line-height:1;font-size:50px}.elementor-widget-text-editor .elementor-drop-cap-letter{display:inline-block}<\/style>\t\t\t\t<h4>MASSA ACR\u00cdLICA<\/h4><h4>MASSA CORRIDA<\/h4><h4>MASSA NIVELADORA<\/h4><h4>VEDA TRINCA<\/h4><h4>RESINA ACR\u00cdLICA BASE D&#8217;\u00c1GUA<\/h4><h4>SELADOR ACR\u00cdLICO<\/h4><h4>FUNDO PREPARADOR DE PAREDE<\/h4>\t\t\t\t\t\t<\/div>\n\t\t\t\t<\/div>\n\t\t\t\t<\/div>\n\t\t\t\t\t<\/div>\n\t\t\t\t<\/div>\n\t\t<div class=\"elementor-element elementor-element-38ff8f5 e-flex e-con-boxed e-con e-parent\" data-id=\"38ff8f5\" data-element_type=\"container\">\n\t\t\t\t\t<div class=\"e-con-inner\">\n\t\t\t\t<div class=\"elementor-element elementor-element-84bdf29 elementor-widget elementor-widget-spacer\" data-id=\"84bdf29\" data-element_type=\"widget\" data-widget_type=\"spacer.default\">\n\t\t\t\t<div class=\"elementor-widget-container\">\n\t\t\t<style>\/*! elementor - v3.21.0 - 26-05-2024 *\/\n.elementor-column .elementor-spacer-inner{height:var(--spacer-size)}.e-con{--container-widget-width:100%}.e-con-inner>.elementor-widget-spacer,.e-con>.elementor-widget-spacer{width:var(--container-widget-width,var(--spacer-size));--align-self:var(--container-widget-align-self,initial);--flex-shrink:0}.e-con-inner>.elementor-widget-spacer>.elementor-widget-container,.e-con>.elementor-widget-spacer>.elementor-widget-container{height:100%;width:100%}.e-con-inner>.elementor-widget-spacer>.elementor-widget-container>.elementor-spacer,.e-con>.elementor-widget-spacer>.elementor-widget-container>.elementor-spacer{height:100%}.e-con-inner>.elementor-widget-spacer>.elementor-widget-container>.elementor-spacer>.elementor-spacer-inner,.e-con>.elementor-widget-spacer>.elementor-widget-container>.elementor-spacer>.elementor-spacer-inner{height:var(--container-widget-height,var(--spacer-size))}.e-con-inner>.elementor-widget-spacer.elementor-widget-empty,.e-con>.elementor-widget-spacer.elementor-widget-empty{position:relative;min-height:22px;min-width:22px}.e-con-inner>.elementor-widget-spacer.elementor-widget-empty .elementor-widget-empty-icon,.e-con>.elementor-widget-spacer.elementor-widget-empty .elementor-widget-empty-icon{position:absolute;top:0;bottom:0;left:0;right:0;margin:auto;padding:0;width:22px;height:22px}<\/style>\t\t<div class=\"elementor-spacer\">\n\t\t\t<div class=\"elementor-spacer-inner\"><\/div>\n\t\t<\/div>\n\t\t\t\t<\/div>\n\t\t\t\t<\/div>\n\t\t\t\t<div class=\"elementor-element elementor-element-3014027 elementor-widget elementor-widget-heading\" data-id=\"3014027\" data-element_type=\"widget\" data-widget_type=\"heading.default\">\n\t\t\t\t<div class=\"elementor-widget-container\">\n\t\t\t<h2 class=\"elementor-heading-title elementor-size-default\">BALDE 3,6L<\/h2>\t\t<\/div>\n\t\t\t\t<\/div>\n\t\t\t\t\t<\/div>\n\t\t\t\t<\/div>\n\t\t<div class=\"elementor-element elementor-element-4ad1fd0 e-flex e-con-boxed e-con e-parent\" data-id=\"4ad1fd0\" data-element_type=\"container\">\n\t\t\t\t\t<div class=\"e-con-inner\">\n\t\t<div class=\"elementor-element elementor-element-caae0b3 e-con-full e-flex e-con e-child\" data-id=\"caae0b3\" data-element_type=\"container\">\n\t\t\t\t<div class=\"elementor-element elementor-element-9320dd3 elementor-widget elementor-widget-image\" data-id=\"9320dd3\" data-element_type=\"widget\" data-widget_type=\"image.default\">\n\t\t\t\t<div class=\"elementor-widget-container\">\n\t\t\t\t\t\t\t\t\t\t\t\t\t<img decoding=\"async\" width=\"472\" height=\"472\" src=\"https:\/\/www.pousofix.com.br\/wp-content\/uploads\/2024\/04\/TEXTURAS-E-COMPLEMENTOS-POTE-3-6L.png\" class=\"attachment-large size-large wp-image-869\" alt=\"TEXTURA POUSOFIX 3,6L\" srcset=\"https:\/\/www.pousofix.com.br\/wp-content\/uploads\/2024\/04\/TEXTURAS-E-COMPLEMENTOS-POTE-3-6L.png 472w, https:\/\/www.pousofix.com.br\/wp-content\/uploads\/2024\/04\/TEXTURAS-E-COMPLEMENTOS-POTE-3-6L-300x300.png 300w, https:\/\/www.pousofix.com.br\/wp-content\/uploads\/2024\/04\/TEXTURAS-E-COMPLEMENTOS-POTE-3-6L-150x150.png 150w, https:\/\/www.pousofix.com.br\/wp-content\/uploads\/2024\/04\/TEXTURAS-E-COMPLEMENTOS-POTE-3-6L-230x230.png 230w, https:\/\/www.pousofix.com.br\/wp-content\/uploads\/2024\/04\/TEXTURAS-E-COMPLEMENTOS-POTE-3-6L-400x400.png 400w\" sizes=\"(max-width: 472px) 100vw, 472px\" \/>\t\t\t\t\t\t\t\t\t\t\t\t\t<\/div>\n\t\t\t\t<\/div>\n\t\t\t\t<\/div>\n\t\t<div class=\"elementor-element elementor-element-2127074 e-con-full e-flex e-con e-child\" data-id=\"2127074\" data-element_type=\"container\">\n\t\t\t\t<div class=\"elementor-element elementor-element-709bbf4 elementor-widget elementor-widget-text-editor\" data-id=\"709bbf4\" data-element_type=\"widget\" data-widget_type=\"text-editor.default\">\n\t\t\t\t<div class=\"elementor-widget-container\">\n\t\t\t\t\t\t\t<h4>MASSA ACR\u00cdLICA<\/h4><h4>MASSA CORRIDA<\/h4><h4>MASSA NIVELADORA<\/h4><h4>VEDA TRINCA<\/h4><h4>RESINA ACR\u00cdLICA BASE D&#8217;\u00c1GUA<\/h4><h4>SELADOR ACR\u00cdLICO<\/h4><h4>FUNDO PREPARADOR DE PAREDE<\/h4><h4>GRAFIATO\u00a0 #10\u00a0 #12\u00a0 #14<\/h4><h4>TEXTURA LISA<\/h4>\t\t\t\t\t\t<\/div>\n\t\t\t\t<\/div>\n\t\t\t\t<\/div>\n\t\t\t\t\t<\/div>\n\t\t\t\t<\/div>\n\t\t<div class=\"elementor-element elementor-element-93b1bdb e-flex e-con-boxed e-con e-parent\" data-id=\"93b1bdb\" data-element_type=\"container\">\n\t\t\t\t\t<div class=\"e-con-inner\">\n\t\t\t\t<div class=\"elementor-element elementor-element-cd45528 elementor-widget elementor-widget-spacer\" data-id=\"cd45528\" data-element_type=\"widget\" data-widget_type=\"spacer.default\">\n\t\t\t\t<div class=\"elementor-widget-container\">\n\t\t\t\t\t<div class=\"elementor-spacer\">\n\t\t\t<div class=\"elementor-spacer-inner\"><\/div>\n\t\t<\/div>\n\t\t\t\t<\/div>\n\t\t\t\t<\/div>\n\t\t\t\t<div class=\"elementor-element elementor-element-ff74c14 elementor-widget elementor-widget-heading\" data-id=\"ff74c14\" data-element_type=\"widget\" data-widget_type=\"heading.default\">\n\t\t\t\t<div class=\"elementor-widget-container\">\n\t\t\t<h2 class=\"elementor-heading-title elementor-size-default\">SELADOR 18L<\/h2>\t\t<\/div>\n\t\t\t\t<\/div>\n\t\t\t\t\t<\/div>\n\t\t\t\t<\/div>\n\t\t<div class=\"elementor-element elementor-element-aa617a9 e-flex e-con-boxed e-con e-parent\" data-id=\"aa617a9\" data-element_type=\"container\">\n\t\t\t\t\t<div class=\"e-con-inner\">\n\t\t<div class=\"elementor-element elementor-element-9e2f5f8 e-con-full e-flex e-con e-child\" data-id=\"9e2f5f8\" data-element_type=\"container\">\n\t\t\t\t<div class=\"elementor-element elementor-element-0c125a7 elementor-widget elementor-widget-image\" data-id=\"0c125a7\" data-element_type=\"widget\" data-widget_type=\"image.default\">\n\t\t\t\t<div class=\"elementor-widget-container\">\n\t\t\t\t\t\t\t\t\t\t\t\t\t<img decoding=\"async\" width=\"472\" height=\"472\" src=\"https:\/\/www.pousofix.com.br\/wp-content\/uploads\/2024\/04\/TEXTURAS-E-COMPLEMENTOS-SELADOR-18L.png\" class=\"attachment-large size-large wp-image-870\" alt=\"SELADOR ACRILICO POUSOFIX\" srcset=\"https:\/\/www.pousofix.com.br\/wp-content\/uploads\/2024\/04\/TEXTURAS-E-COMPLEMENTOS-SELADOR-18L.png 472w, https:\/\/www.pousofix.com.br\/wp-content\/uploads\/2024\/04\/TEXTURAS-E-COMPLEMENTOS-SELADOR-18L-300x300.png 300w, https:\/\/www.pousofix.com.br\/wp-content\/uploads\/2024\/04\/TEXTURAS-E-COMPLEMENTOS-SELADOR-18L-150x150.png 150w, https:\/\/www.pousofix.com.br\/wp-content\/uploads\/2024\/04\/TEXTURAS-E-COMPLEMENTOS-SELADOR-18L-230x230.png 230w, https:\/\/www.pousofix.com.br\/wp-content\/uploads\/2024\/04\/TEXTURAS-E-COMPLEMENTOS-SELADOR-18L-400x400.png 400w\" sizes=\"(max-width: 472px) 100vw, 472px\" \/>\t\t\t\t\t\t\t\t\t\t\t\t\t<\/div>\n\t\t\t\t<\/div>\n\t\t\t\t<\/div>\n\t\t<div class=\"elementor-element elementor-element-8b7b049 e-con-full e-flex e-con e-child\" data-id=\"8b7b049\" data-element_type=\"container\">\n\t\t\t\t<div class=\"elementor-element elementor-element-3306e2e elementor-widget elementor-widget-text-editor\" data-id=\"3306e2e\" data-element_type=\"widget\" data-widget_type=\"text-editor.default\">\n\t\t\t\t<div class=\"elementor-widget-container\">\n\t\t\t\t\t\t\t<h4>SELADOR ACR\u00cdLICO<\/h4>\t\t\t\t\t\t<\/div>\n\t\t\t\t<\/div>\n\t\t\t\t<\/div>\n\t\t\t\t\t<\/div>\n\t\t\t\t<\/div>\n\t\t<div class=\"elementor-element elementor-element-19c244f e-flex e-con-boxed e-con e-parent\" data-id=\"19c244f\" data-element_type=\"container\">\n\t\t\t\t\t<div class=\"e-con-inner\">\n\t\t\t\t<div class=\"elementor-element elementor-element-908d506 elementor-widget elementor-widget-spacer\" data-id=\"908d506\" data-element_type=\"widget\" data-widget_type=\"spacer.default\">\n\t\t\t\t<div class=\"elementor-widget-container\">\n\t\t\t\t\t<div class=\"elementor-spacer\">\n\t\t\t<div class=\"elementor-spacer-inner\"><\/div>\n\t\t<\/div>\n\t\t\t\t<\/div>\n\t\t\t\t<\/div>\n\t\t\t\t<div class=\"elementor-element elementor-element-cce8548 elementor-widget elementor-widget-heading\" data-id=\"cce8548\" data-element_type=\"widget\" data-widget_type=\"heading.default\">\n\t\t\t\t<div class=\"elementor-widget-container\">\n\t\t\t<h2 class=\"elementor-heading-title elementor-size-default\">BARRICA 20KG<\/h2>\t\t<\/div>\n\t\t\t\t<\/div>\n\t\t\t\t\t<\/div>\n\t\t\t\t<\/div>\n\t\t<div class=\"elementor-element elementor-element-8197c06 e-flex e-con-boxed e-con e-parent\" data-id=\"8197c06\" data-element_type=\"container\">\n\t\t\t\t\t<div class=\"e-con-inner\">\n\t\t<div class=\"elementor-element elementor-element-55c2d3b e-con-full e-flex e-con e-child\" data-id=\"55c2d3b\" data-element_type=\"container\">\n\t\t\t\t<div class=\"elementor-element elementor-element-dabca21 elementor-widget elementor-widget-image\" data-id=\"dabca21\" data-element_type=\"widget\" data-widget_type=\"image.default\">\n\t\t\t\t<div class=\"elementor-widget-container\">\n\t\t\t\t\t\t\t\t\t\t\t\t\t<img loading=\"lazy\" decoding=\"async\" width=\"472\" height=\"472\" src=\"https:\/\/www.pousofix.com.br\/wp-content\/uploads\/2024\/04\/TEXTURAS-E-COMPLEMENTOS-BARRICA-20KG.png\" class=\"attachment-large size-large wp-image-867\" alt=\"TEXTURA_POUSOFIX_20KG\" srcset=\"https:\/\/www.pousofix.com.br\/wp-content\/uploads\/2024\/04\/TEXTURAS-E-COMPLEMENTOS-BARRICA-20KG.png 472w, https:\/\/www.pousofix.com.br\/wp-content\/uploads\/2024\/04\/TEXTURAS-E-COMPLEMENTOS-BARRICA-20KG-300x300.png 300w, https:\/\/www.pousofix.com.br\/wp-content\/uploads\/2024\/04\/TEXTURAS-E-COMPLEMENTOS-BARRICA-20KG-150x150.png 150w, https:\/\/www.pousofix.com.br\/wp-content\/uploads\/2024\/04\/TEXTURAS-E-COMPLEMENTOS-BARRICA-20KG-230x230.png 230w, https:\/\/www.pousofix.com.br\/wp-content\/uploads\/2024\/04\/TEXTURAS-E-COMPLEMENTOS-BARRICA-20KG-400x400.png 400w\" sizes=\"(max-width: 472px) 100vw, 472px\" \/>\t\t\t\t\t\t\t\t\t\t\t\t\t<\/div>\n\t\t\t\t<\/div>\n\t\t\t\t<\/div>\n\t\t<div class=\"elementor-element elementor-element-39f3716 e-con-full e-flex e-con e-child\" data-id=\"39f3716\" data-element_type=\"container\">\n\t\t\t\t<div class=\"elementor-element elementor-element-ebb4a61 elementor-widget elementor-widget-text-editor\" data-id=\"ebb4a61\" data-element_type=\"widget\" data-widget_type=\"text-editor.default\">\n\t\t\t\t<div class=\"elementor-widget-container\">\n\t\t\t\t\t\t\t<h4>MASSA ACR\u00cdLICA<\/h4><h4>MASSA CORRIDA<\/h4><h4><span style=\"letter-spacing: 0px; text-align: inherit;\">SELADOR ACR\u00cdLICO<\/span><\/h4><div><h4 style=\"letter-spacing: normal; text-align: start;\">GRAFIATO\u00a0 #10\u00a0 #12\u00a0 #14<\/h4><\/div>\t\t\t\t\t\t<\/div>\n\t\t\t\t<\/div>\n\t\t\t\t<\/div>\n\t\t\t\t\t<\/div>\n\t\t\t\t<\/div>\n\t\t<div class=\"elementor-element elementor-element-61c4db9 e-flex e-con-boxed e-con e-parent\" data-id=\"61c4db9\" data-element_type=\"container\">\n\t\t\t\t\t<div class=\"e-con-inner\">\n\t\t\t\t<div class=\"elementor-element elementor-element-c3034af elementor-widget elementor-widget-spacer\" data-id=\"c3034af\" data-element_type=\"widget\" data-widget_type=\"spacer.default\">\n\t\t\t\t<div class=\"elementor-widget-container\">\n\t\t\t\t\t<div class=\"elementor-spacer\">\n\t\t\t<div class=\"elementor-spacer-inner\"><\/div>\n\t\t<\/div>\n\t\t\t\t<\/div>\n\t\t\t\t<\/div>\n\t\t\t\t<div class=\"elementor-element elementor-element-fbeb98b elementor-widget elementor-widget-heading\" data-id=\"fbeb98b\" data-element_type=\"widget\" data-widget_type=\"heading.default\">\n\t\t\t\t<div class=\"elementor-widget-container\">\n\t\t\t<h2 class=\"elementor-heading-title elementor-size-default\">BARRICA 25KG<\/h2>\t\t<\/div>\n\t\t\t\t<\/div>\n\t\t\t\t\t<\/div>\n\t\t\t\t<\/div>\n\t\t<div class=\"elementor-element elementor-element-13a7cf4 e-flex e-con-boxed e-con e-parent\" data-id=\"13a7cf4\" data-element_type=\"container\">\n\t\t\t\t\t<div class=\"e-con-inner\">\n\t\t<div class=\"elementor-element elementor-element-4fe0f9d e-con-full e-flex e-con e-child\" data-id=\"4fe0f9d\" data-element_type=\"container\">\n\t\t\t\t<div class=\"elementor-element elementor-element-48b1182 elementor-widget elementor-widget-image\" data-id=\"48b1182\" data-element_type=\"widget\" data-widget_type=\"image.default\">\n\t\t\t\t<div class=\"elementor-widget-container\">\n\t\t\t\t\t\t\t\t\t\t\t\t\t<img loading=\"lazy\" decoding=\"async\" width=\"472\" height=\"472\" src=\"https:\/\/www.pousofix.com.br\/wp-content\/uploads\/2024\/04\/TEXTURAS-E-COMPLEMENTOS-BARRICA-25KG-1.png\" class=\"attachment-large size-large wp-image-871\" alt=\"POUXOFIX_25KG\" srcset=\"https:\/\/www.pousofix.com.br\/wp-content\/uploads\/2024\/04\/TEXTURAS-E-COMPLEMENTOS-BARRICA-25KG-1.png 472w, https:\/\/www.pousofix.com.br\/wp-content\/uploads\/2024\/04\/TEXTURAS-E-COMPLEMENTOS-BARRICA-25KG-1-300x300.png 300w, https:\/\/www.pousofix.com.br\/wp-content\/uploads\/2024\/04\/TEXTURAS-E-COMPLEMENTOS-BARRICA-25KG-1-150x150.png 150w, https:\/\/www.pousofix.com.br\/wp-content\/uploads\/2024\/04\/TEXTURAS-E-COMPLEMENTOS-BARRICA-25KG-1-230x230.png 230w, https:\/\/www.pousofix.com.br\/wp-content\/uploads\/2024\/04\/TEXTURAS-E-COMPLEMENTOS-BARRICA-25KG-1-400x400.png 400w\" sizes=\"(max-width: 472px) 100vw, 472px\" \/>\t\t\t\t\t\t\t\t\t\t\t\t\t<\/div>\n\t\t\t\t<\/div>\n\t\t\t\t<\/div>\n\t\t<div class=\"elementor-element elementor-element-79b2bef e-con-full e-flex e-con e-child\" data-id=\"79b2bef\" data-element_type=\"container\">\n\t\t\t\t<div class=\"elementor-element elementor-element-93f9a74 elementor-widget elementor-widget-text-editor\" data-id=\"93f9a74\" data-element_type=\"widget\" data-widget_type=\"text-editor.default\">\n\t\t\t\t<div class=\"elementor-widget-container\">\n\t\t\t\t\t\t\t<h4>MASSA ACR\u00cdLICA<\/h4><h4>MASSA CORRIDA<\/h4><h4><span style=\"letter-spacing: 0px; text-align: inherit;\">SELADOR ACR\u00cdLICO<\/span><\/h4><div><h4 style=\"letter-spacing: normal; text-align: start;\">GRAFIATO\u00a0 #10\u00a0 #12\u00a0 #14<\/h4><h4 style=\"letter-spacing: normal; text-align: start;\">TEXTURA LAMATO\u00a0 #20\u00a0<\/h4><h4 style=\"letter-spacing: normal; text-align: start;\">TEXTURA TEXTURATO\u00a0 #16<\/h4><h4 style=\"letter-spacing: normal; text-align: start;\">TEXTURA GRANFINO (TEXTURA DE ROLO)<\/h4><h4 style=\"letter-spacing: normal; text-align: start;\">TEXTURA LISA<\/h4><\/div>\t\t\t\t\t\t<\/div>\n\t\t\t\t<\/div>\n\t\t\t\t<\/div>\n\t\t\t\t\t<\/div>\n\t\t\t\t<\/div>\n\t\t<div class=\"elementor-element elementor-element-fe90514 e-flex e-con-boxed e-con e-parent\" data-id=\"fe90514\" data-element_type=\"container\">\n\t\t\t\t\t<div class=\"e-con-inner\">\n\t\t\t\t<div class=\"elementor-element elementor-element-7219d72 elementor-widget elementor-widget-spacer\" data-id=\"7219d72\" data-element_type=\"widget\" data-widget_type=\"spacer.default\">\n\t\t\t\t<div class=\"elementor-widget-container\">\n\t\t\t\t\t<div class=\"elementor-spacer\">\n\t\t\t<div class=\"elementor-spacer-inner\"><\/div>\n\t\t<\/div>\n\t\t\t\t<\/div>\n\t\t\t\t<\/div>\n\t\t<div class=\"elementor-element elementor-element-d8a6a81 e-flex e-con-boxed e-con e-child\" data-id=\"d8a6a81\" data-element_type=\"container\">\n\t\t\t\t\t<div class=\"e-con-inner\">\n\t\t\t\t<div class=\"elementor-element elementor-element-080c7e0 elementor-widget elementor-widget-text-editor\" data-id=\"080c7e0\" data-element_type=\"widget\" data-widget_type=\"text-editor.default\">\n\t\t\t\t<div class=\"elementor-widget-container\">\n\t\t\t\t\t\t\t<h6>\u00a0<\/h6><h4>Disponibilidade imediata\u00a0<\/h4><h5>Mantemos um n\u00edvel de estoque para manuten\u00e7\u00e3o de fornecimento \u00e0 nossa base de clientes e para fornecimento aos novos clientes que mensalmente integram nossa carteira atrav\u00e9s de nosso plano estrat\u00e9gico de cresimento. Ainda que tudo esteja planejado, se houver necessidade temos a capacidade de rapidamente reagir aos acr\u00e9scimos de demanda atrav\u00e9s de nosso rigoroso controle de sequenciamento e plano de produ\u00e7\u00e3o.<\/h5><h5>Prezando pelo nosso valor &#8216;Respeito&#8217;, entendemos que temos de prover o cont\u00ednuo fornecimento sem que comprometa os neg\u00f3cios de nossos clientes, garantindo que todos acordos comerciais sejam devidamente respeitados.\u00a0\u00a0<\/h5><h5>Esparamos por seu contato para esclarecimento de d\u00favidas t\u00e9cnicas e condi\u00e7\u00f5es comerciais de fornecimento.<\/h5><h5>\u00a0<\/h5>\t\t\t\t\t\t<\/div>\n\t\t\t\t<\/div>\n\t\t\t\t<div class=\"elementor-element elementor-element-f6c1124 elementor-widget elementor-widget-heading\" data-id=\"f6c1124\" data-element_type=\"widget\" data-widget_type=\"heading.default\">\n\t\t\t\t<div class=\"elementor-widget-container\">\n\t\t\t<h2 class=\"elementor-heading-title elementor-size-default\"><a href=\"https:\/\/www.pousofix.com.br\/index.php\/fale-conosco\/\">Clique aqui para acionar nosso time de atendimento agora mesmo!<br><br><br><\/a><\/h2>\t\t<\/div>\n\t\t\t\t<\/div>\n\t\t\t\t\t<\/div>\n\t\t\t\t<\/div>\n\t\t\t\t\t<\/div>\n\t\t\t\t<\/div>\n\t\t\t\t<\/div>\n\t\t","protected":false},"excerpt":{"rendered":"<p>Ap\u00f3s muita pesquisa e ensaios, nossa linha de texturas foi desenvolvida com uma tecnologia que trouxe como resultado, produtos com maior capacidade elastom\u00e9rica quando comparada \u00e0s atuais linhas presentes no mercado, al\u00e9m de alta capacidade de hidro-repel\u00eancia. POTE 1L MASSA ACR\u00cdLICA MASSA CORRIDA MASSA NIVELADORA VEDA TRINCA RESINA ACR\u00cdLICA BASE D&#8217;\u00c1GUA SELADOR ACR\u00cdLICO FUNDO PREPARADOR [&hellip;]<\/p>\n","protected":false},"author":1,"featured_media":0,"parent":0,"menu_order":0,"comment_status":"closed","ping_status":"closed","template":"","meta":{"om_disable_all_campaigns":false,"_monsterinsights_skip_tracking":false,"_monsterinsights_sitenote_active":false,"_monsterinsights_sitenote_note":"","_monsterinsights_sitenote_category":0,"footnotes":""},"aioseo_notices":[],"_links":{"self":[{"href":"https:\/\/www.pousofix.com.br\/index.php\/wp-json\/wp\/v2\/pages\/649"}],"collection":[{"href":"https:\/\/www.pousofix.com.br\/index.php\/wp-json\/wp\/v2\/pages"}],"about":[{"href":"https:\/\/www.pousofix.com.br\/index.php\/wp-json\/wp\/v2\/types\/page"}],"author":[{"embeddable":true,"href":"https:\/\/www.pousofix.com.br\/index.php\/wp-json\/wp\/v2\/users\/1"}],"replies":[{"embeddable":true,"href":"https:\/\/www.pousofix.com.br\/index.php\/wp-json\/wp\/v2\/comments?post=649"}],"version-history":[{"count":70,"href":"https:\/\/www.pousofix.com.br\/index.php\/wp-json\/wp\/v2\/pages\/649\/revisions"}],"predecessor-version":[{"id":999,"href":"https:\/\/www.pousofix.com.br\/index.php\/wp-json\/wp\/v2\/pages\/649\/revisions\/999"}],"wp:attachment":[{"href":"https:\/\/www.pousofix.com.br\/index.php\/wp-json\/wp\/v2\/media?parent=649"}],"curies":[{"name":"wp","href":"https:\/\/api.w.org\/{rel}","templated":true}]}}